{"id":1713,"date":"2025-04-11T16:14:45","date_gmt":"2025-04-11T16:14:45","guid":{"rendered":"https:\/\/betzaidaclassroom.com\/tienda\/?post_type=product&#038;p=1713"},"modified":"2025-04-22T13:52:55","modified_gmt":"2025-04-22T13:52:55","slug":"el-gran-dia-de-la-tierra-libro-para-colorear","status":"publish","type":"product","link":"https:\/\/betzaidaclassroom.com\/tienda\/product\/el-gran-dia-de-la-tierra-libro-para-colorear\/","title":{"rendered":"El Gran D\u00eda de la Tierra \u2013 Libro para Colorear"},"content":{"rendered":"<h3 class=\"\" data-start=\"1078\" data-end=\"1113\">\ud83d\udce5 \u00bfQu\u00e9 obtienes con tu compra?<\/h3>\n<ul data-start=\"1115\" data-end=\"1434\">\n<li class=\"\" data-start=\"1115\" data-end=\"1147\">\n<p class=\"\" data-start=\"1117\" data-end=\"1147\"><strong data-start=\"1117\" data-end=\"1129\">Formato:<\/strong> PDF descargable<\/p>\n<\/li>\n<li class=\"\" data-start=\"1148\" data-end=\"1232\">\n<p class=\"\" data-start=\"1150\" data-end=\"1232\"><strong data-start=\"1150\" data-end=\"1193\">Entrega inmediata al correo electr\u00f3nico<\/strong> que ingreses al momento de la compra<\/p>\n<\/li>\n<li class=\"\" data-start=\"1233\" data-end=\"1316\">\n<p class=\"\" data-start=\"1235\" data-end=\"1316\"><strong data-start=\"1235\" data-end=\"1246\">Precio:<\/strong> Solo <strong data-start=\"1252\" data-end=\"1265\">5 d\u00f3lares<\/strong> (se convierte autom\u00e1ticamente a tu moneda local)<\/p>\n<\/li>\n<li class=\"\" data-start=\"1317\" data-end=\"1373\">\n<p class=\"\" data-start=\"1319\" data-end=\"1373\"><strong data-start=\"1319\" data-end=\"1341\">Plataforma segura:<\/strong> Se descarga desde <strong data-start=\"1360\" data-end=\"1371\">Hotmart<\/strong><\/p>\n<\/li>\n<li class=\"\" data-start=\"1374\" data-end=\"1434\">\n<p class=\"\" data-start=\"1376\" data-end=\"1434\"><strong data-start=\"1376\" data-end=\"1391\">Ideal para:<\/strong> Preescolar y primeros grados de primaria<\/p>\n<\/li>\n<\/ul>\n<h2 class=\"\" data-start=\"1751\" data-end=\"1782\">\u2753 Preguntas Frecuentes (FAQ)<\/h2>\n<h3 class=\"\" data-start=\"1784\" data-end=\"1819\">\ud83d\udcb0 \u00bfCu\u00e1nto cuesta el recurso?<\/h3>\n<p class=\"\" data-start=\"1820\" data-end=\"1968\">El recurso tiene un precio accesible de <strong data-start=\"1860\" data-end=\"1889\">5 d\u00f3lares estadounidenses<\/strong>. Se cobrar\u00e1 en <strong data-start=\"1905\" data-end=\"1924\">tu moneda local<\/strong> de forma autom\u00e1tica en el momento del pago.<\/p>\n<h3 class=\"\" data-start=\"1970\" data-end=\"2007\">\ud83d\udce9 \u00bfC\u00f3mo se entrega el recurso?<\/h3>\n<p class=\"\" data-start=\"2008\" data-end=\"2150\">Una vez completada la compra, el archivo <strong data-start=\"2049\" data-end=\"2104\">PDF se enviar\u00e1 directamente a tu correo electr\u00f3nico<\/strong> registrado en la pasarela de pago de Hotmart.<\/p>\n<h3 class=\"\" data-start=\"2152\" data-end=\"2179\">\ud83d\udce5 \u00bfC\u00f3mo lo descargo?<\/h3>\n<p class=\"\" data-start=\"2180\" data-end=\"2327\">Desde el correo que recibir\u00e1s tras la compra, encontrar\u00e1s un <strong data-start=\"2241\" data-end=\"2285\">enlace directo para descargar el recurso<\/strong> en tu dispositivo. \u00a1Es r\u00e1pido y sencillo!<\/p>\n<h3 class=\"\" data-start=\"2329\" data-end=\"2387\">\ud83c\udf10 \u00bfA trav\u00e9s de qu\u00e9 plataforma se realiza la compra?<\/h3>\n<p class=\"\" data-start=\"2388\" data-end=\"2519\">La compra se gestiona a trav\u00e9s de <strong data-start=\"2422\" data-end=\"2433\">Hotmart<\/strong>, una plataforma segura y confiable que permite pagos internacionales en moneda local.<\/p>\n<h3 class=\"\" data-start=\"2521\" data-end=\"2582\">\ud83d\udce7 \u00bfA qui\u00e9n puedo contactar si tengo problemas o dudas?<\/h3>\n<p class=\"\" data-start=\"2583\" data-end=\"2733\">Si tienes <strong data-start=\"2593\" data-end=\"2640\">preguntas, problemas t\u00e9cnicos o sugerencias<\/strong>, puedes escribir a:<br data-start=\"2660\" data-end=\"2663\" \/>\ud83d\udcec <strong data-start=\"2666\" data-end=\"2696\"><a rel=\"noopener\" data-start=\"2668\" data-end=\"2694\">info@betzaidaclassroom.com<\/a><\/strong><br data-start=\"2696\" data-end=\"2699\" \/>\u00a1Estaremos encantados de ayudarte!<\/p>\n<hr class=\"\" data-start=\"2735\" data-end=\"2738\" \/>\n<p class=\"\" data-start=\"2740\" data-end=\"2920\">\u00bfList@ para transformar el aprendizaje del D\u00eda de la Tierra en una experiencia divertida e inolvidable?<br data-start=\"2843\" data-end=\"2846\" \/>\ud83c\udf89 <strong data-start=\"2849\" data-end=\"2920\">Desc\u00e1rgalo ahora y lleva la magia del planeta a tu sal\u00f3n de clases.<\/strong><\/p>\n","protected":false},"excerpt":{"rendered":"<p class=\"\" data-start=\"199\" data-end=\"259\"><strong data-start=\"199\" data-end=\"259\">Convi\u00e9rtete en un h\u00e9roe del medio ambiente desde el aula<\/strong><\/p>\n<h4 class=\"\" data-start=\"261\" data-end=\"373\">\u2705 \u00bfC\u00f3mo ense\u00f1ar a tus alumnos sobre el cuidado del planeta de forma divertida, significativa y educativa?<\/h4>\n<p class=\"\" data-start=\"374\" data-end=\"731\">Como docente, sabes que la conciencia ecol\u00f3gica no se aprende repitiendo conceptos\u2026 \u00a1se vive y se siente!<br data-start=\"479\" data-end=\"482\" \/>Por eso, te presentamos <strong data-start=\"506\" data-end=\"536\">&#8220;El Gran D\u00eda de la Tierra&#8221;<\/strong>, un <strong data-start=\"541\" data-end=\"572\">hermoso libro para colorear<\/strong> que combina <strong data-start=\"585\" data-end=\"666\">cuento, actividades interactivas y aprendizajes clave sobre el medio ambiente<\/strong>, dise\u00f1ado especialmente para ni\u00f1os de <strong data-start=\"705\" data-end=\"730\">preescolar y primaria<\/strong>.<\/p>\n<p class=\"\" data-start=\"733\" data-end=\"1071\">\ud83c\udfa8 A trav\u00e9s de ilustraciones llenas de magia y un cuento encantador, tus alumnos descubrir\u00e1n c\u00f3mo peque\u00f1os gestos pueden proteger la Tierra.<br data-start=\"873\" data-end=\"876\" \/>Incluye:<br data-start=\"884\" data-end=\"887\" \/>\u2714 Cuento ilustrado con rimas y valores<br data-start=\"925\" data-end=\"928\" \/>\u2714 Sopa de letras, actividades de completaci\u00f3n y dibujos para reflexionar<br data-start=\"1000\" data-end=\"1003\" \/>\u2714 Actividades que promueven la creatividad y la conciencia ambiental<\/p>\n","protected":false},"featured_media":1714,"comment_status":"open","ping_status":"closed","template":"","meta":[],"product_brand":[],"product_cat":[45],"product_tag":[44],"class_list":{"0":"post-1713","1":"product","2":"type-product","3":"status-publish","4":"has-post-thumbnail","6":"product_cat-libros-para-colorear","7":"product_tag-abril","9":"first","10":"instock","11":"sale","12":"downloadable","13":"purchasable","14":"product-type-simple"},"yoast_head":"<!-- This site is optimized with the Yoast SEO plugin v26.9 - https:\/\/yoast.com\/product\/yoast-seo-wordpress\/ -->\n<title>El Gran D\u00eda de la Tierra \u2013 Libro para Colorear<\/title>\n<meta name=\"description\" content=\"Libro para colorear sobre el D\u00eda de la Tierra. Actividades, cuentos y juegos para ense\u00f1ar ecolog\u00eda de forma divertida. Descarga PDF .\" \/>\n<meta name=\"robots\" content=\"index, follow, max-snippet:-1, max-image-preview:large, max-video-preview:-1\" \/>\n<link rel=\"canonical\" href=\"https:\/\/betzaidaclassroom.com\/tienda\/product\/el-gran-dia-de-la-tierra-libro-para-colorear\/\" \/>\n<meta property=\"og:locale\" content=\"es_MX\" \/>\n<meta property=\"og:type\" content=\"article\" \/>\n<meta property=\"og:title\" content=\"El Gran D\u00eda de la Tierra \u2013 Libro para Colorear\" \/>\n<meta property=\"og:description\" content=\"Libro para colorear sobre el D\u00eda de la Tierra. Actividades, cuentos y juegos para ense\u00f1ar ecolog\u00eda de forma divertida. Descarga PDF .\" \/>\n<meta property=\"og:url\" content=\"https:\/\/betzaidaclassroom.com\/tienda\/product\/el-gran-dia-de-la-tierra-libro-para-colorear\/\" \/>\n<meta property=\"og:site_name\" content=\"Recursos Escolares\" \/>\n<meta property=\"article:modified_time\" content=\"2025-04-22T13:52:55+00:00\" \/>\n<meta property=\"og:image\" content=\"https:\/\/betzaidaclassroom.com\/tienda\/wp-content\/uploads\/2025\/04\/Libro-para-colorear-el-gran-dia-de-la-tierra_Mesa-de-trabajo-1.webp\" \/>\n\t<meta property=\"og:image:width\" content=\"768\" \/>\n\t<meta property=\"og:image:height\" content=\"1097\" \/>\n\t<meta property=\"og:image:type\" content=\"image\/webp\" \/>\n<meta name=\"twitter:card\" content=\"summary_large_image\" \/>\n<meta name=\"twitter:label1\" content=\"Tiempo de lectura\" \/>\n\t<meta name=\"twitter:data1\" content=\"2 minutos\" \/>\n<script type=\"application\/ld+json\" class=\"yoast-schema-graph\">{\"@context\":\"https:\/\/schema.org\",\"@graph\":[{\"@type\":\"WebPage\",\"@id\":\"https:\/\/betzaidaclassroom.com\/tienda\/product\/el-gran-dia-de-la-tierra-libro-para-colorear\/\",\"url\":\"https:\/\/betzaidaclassroom.com\/tienda\/product\/el-gran-dia-de-la-tierra-libro-para-colorear\/\",\"name\":\"El Gran D\u00eda de la Tierra \u2013 Libro para Colorear\",\"isPartOf\":{\"@id\":\"https:\/\/betzaidaclassroom.com\/tienda\/#website\"},\"primaryImageOfPage\":{\"@id\":\"https:\/\/betzaidaclassroom.com\/tienda\/product\/el-gran-dia-de-la-tierra-libro-para-colorear\/#primaryimage\"},\"image\":{\"@id\":\"https:\/\/betzaidaclassroom.com\/tienda\/product\/el-gran-dia-de-la-tierra-libro-para-colorear\/#primaryimage\"},\"thumbnailUrl\":\"https:\/\/betzaidaclassroom.com\/tienda\/wp-content\/uploads\/2025\/04\/Libro-para-colorear-el-gran-dia-de-la-tierra_Mesa-de-trabajo-1.webp\",\"datePublished\":\"2025-04-11T16:14:45+00:00\",\"dateModified\":\"2025-04-22T13:52:55+00:00\",\"description\":\"Libro para colorear sobre el D\u00eda de la Tierra. Actividades, cuentos y juegos para ense\u00f1ar ecolog\u00eda de forma divertida. Descarga PDF .\",\"breadcrumb\":{\"@id\":\"https:\/\/betzaidaclassroom.com\/tienda\/product\/el-gran-dia-de-la-tierra-libro-para-colorear\/#breadcrumb\"},\"inLanguage\":\"es\",\"potentialAction\":[{\"@type\":\"ReadAction\",\"target\":[\"https:\/\/betzaidaclassroom.com\/tienda\/product\/el-gran-dia-de-la-tierra-libro-para-colorear\/\"]}]},{\"@type\":\"ImageObject\",\"inLanguage\":\"es\",\"@id\":\"https:\/\/betzaidaclassroom.com\/tienda\/product\/el-gran-dia-de-la-tierra-libro-para-colorear\/#primaryimage\",\"url\":\"https:\/\/betzaidaclassroom.com\/tienda\/wp-content\/uploads\/2025\/04\/Libro-para-colorear-el-gran-dia-de-la-tierra_Mesa-de-trabajo-1.webp\",\"contentUrl\":\"https:\/\/betzaidaclassroom.com\/tienda\/wp-content\/uploads\/2025\/04\/Libro-para-colorear-el-gran-dia-de-la-tierra_Mesa-de-trabajo-1.webp\",\"width\":768,\"height\":1097,\"caption\":\"Libro de actividades para colorear sobre el D\u00eda Mundial de la Tierra en PDF para docentes\"},{\"@type\":\"BreadcrumbList\",\"@id\":\"https:\/\/betzaidaclassroom.com\/tienda\/product\/el-gran-dia-de-la-tierra-libro-para-colorear\/#breadcrumb\",\"itemListElement\":[{\"@type\":\"ListItem\",\"position\":1,\"name\":\"Inicio\",\"item\":\"https:\/\/betzaidaclassroom.com\/tienda\/\"},{\"@type\":\"ListItem\",\"position\":2,\"name\":\"Home\",\"item\":\"https:\/\/betzaidaclassroom.com\/tienda\/home-online-course-v1\/\"},{\"@type\":\"ListItem\",\"position\":3,\"name\":\"El Gran D\u00eda de la Tierra \u2013 Libro para Colorear\"}]},{\"@type\":\"WebSite\",\"@id\":\"https:\/\/betzaidaclassroom.com\/tienda\/#website\",\"url\":\"https:\/\/betzaidaclassroom.com\/tienda\/\",\"name\":\"Recursos Escolares\",\"description\":\"\",\"publisher\":{\"@id\":\"https:\/\/betzaidaclassroom.com\/tienda\/#\/schema\/person\/e9596a98f845c4ab559533259d63f712\"},\"potentialAction\":[{\"@type\":\"SearchAction\",\"target\":{\"@type\":\"EntryPoint\",\"urlTemplate\":\"https:\/\/betzaidaclassroom.com\/tienda\/?s={search_term_string}\"},\"query-input\":{\"@type\":\"PropertyValueSpecification\",\"valueRequired\":true,\"valueName\":\"search_term_string\"}}],\"inLanguage\":\"es\"},{\"@type\":[\"Person\",\"Organization\"],\"@id\":\"https:\/\/betzaidaclassroom.com\/tienda\/#\/schema\/person\/e9596a98f845c4ab559533259d63f712\",\"name\":\"Betzaida\",\"image\":{\"@type\":\"ImageObject\",\"inLanguage\":\"es\",\"@id\":\"https:\/\/betzaidaclassroom.com\/tienda\/#\/schema\/person\/image\/\",\"url\":\"https:\/\/betzaidaclassroom.com\/tienda\/wp-content\/uploads\/2024\/12\/Betzaidaclassroom-logo-png.png\",\"contentUrl\":\"https:\/\/betzaidaclassroom.com\/tienda\/wp-content\/uploads\/2024\/12\/Betzaidaclassroom-logo-png.png\",\"width\":208,\"height\":150,\"caption\":\"Betzaida\"},\"logo\":{\"@id\":\"https:\/\/betzaidaclassroom.com\/tienda\/#\/schema\/person\/image\/\"},\"sameAs\":[\"https:\/\/betzaidaclassroom.com\/tienda\"]}]}<\/script>\n<!-- \/ Yoast SEO plugin. -->","yoast_head_json":{"title":"El Gran D\u00eda de la Tierra \u2013 Libro para Colorear","description":"Libro para colorear sobre el D\u00eda de la Tierra. Actividades, cuentos y juegos para ense\u00f1ar ecolog\u00eda de forma divertida. Descarga PDF .","robots":{"index":"index","follow":"follow","max-snippet":"max-snippet:-1","max-image-preview":"max-image-preview:large","max-video-preview":"max-video-preview:-1"},"canonical":"https:\/\/betzaidaclassroom.com\/tienda\/product\/el-gran-dia-de-la-tierra-libro-para-colorear\/","og_locale":"es_MX","og_type":"article","og_title":"El Gran D\u00eda de la Tierra \u2013 Libro para Colorear","og_description":"Libro para colorear sobre el D\u00eda de la Tierra. Actividades, cuentos y juegos para ense\u00f1ar ecolog\u00eda de forma divertida. Descarga PDF .","og_url":"https:\/\/betzaidaclassroom.com\/tienda\/product\/el-gran-dia-de-la-tierra-libro-para-colorear\/","og_site_name":"Recursos Escolares","article_modified_time":"2025-04-22T13:52:55+00:00","og_image":[{"width":768,"height":1097,"url":"https:\/\/betzaidaclassroom.com\/tienda\/wp-content\/uploads\/2025\/04\/Libro-para-colorear-el-gran-dia-de-la-tierra_Mesa-de-trabajo-1.webp","type":"image\/webp"}],"twitter_card":"summary_large_image","twitter_misc":{"Tiempo de lectura":"2 minutos"},"schema":{"@context":"https:\/\/schema.org","@graph":[{"@type":"WebPage","@id":"https:\/\/betzaidaclassroom.com\/tienda\/product\/el-gran-dia-de-la-tierra-libro-para-colorear\/","url":"https:\/\/betzaidaclassroom.com\/tienda\/product\/el-gran-dia-de-la-tierra-libro-para-colorear\/","name":"El Gran D\u00eda de la Tierra \u2013 Libro para Colorear","isPartOf":{"@id":"https:\/\/betzaidaclassroom.com\/tienda\/#website"},"primaryImageOfPage":{"@id":"https:\/\/betzaidaclassroom.com\/tienda\/product\/el-gran-dia-de-la-tierra-libro-para-colorear\/#primaryimage"},"image":{"@id":"https:\/\/betzaidaclassroom.com\/tienda\/product\/el-gran-dia-de-la-tierra-libro-para-colorear\/#primaryimage"},"thumbnailUrl":"https:\/\/betzaidaclassroom.com\/tienda\/wp-content\/uploads\/2025\/04\/Libro-para-colorear-el-gran-dia-de-la-tierra_Mesa-de-trabajo-1.webp","datePublished":"2025-04-11T16:14:45+00:00","dateModified":"2025-04-22T13:52:55+00:00","description":"Libro para colorear sobre el D\u00eda de la Tierra. Actividades, cuentos y juegos para ense\u00f1ar ecolog\u00eda de forma divertida. Descarga PDF .","breadcrumb":{"@id":"https:\/\/betzaidaclassroom.com\/tienda\/product\/el-gran-dia-de-la-tierra-libro-para-colorear\/#breadcrumb"},"inLanguage":"es","potentialAction":[{"@type":"ReadAction","target":["https:\/\/betzaidaclassroom.com\/tienda\/product\/el-gran-dia-de-la-tierra-libro-para-colorear\/"]}]},{"@type":"ImageObject","inLanguage":"es","@id":"https:\/\/betzaidaclassroom.com\/tienda\/product\/el-gran-dia-de-la-tierra-libro-para-colorear\/#primaryimage","url":"https:\/\/betzaidaclassroom.com\/tienda\/wp-content\/uploads\/2025\/04\/Libro-para-colorear-el-gran-dia-de-la-tierra_Mesa-de-trabajo-1.webp","contentUrl":"https:\/\/betzaidaclassroom.com\/tienda\/wp-content\/uploads\/2025\/04\/Libro-para-colorear-el-gran-dia-de-la-tierra_Mesa-de-trabajo-1.webp","width":768,"height":1097,"caption":"Libro de actividades para colorear sobre el D\u00eda Mundial de la Tierra en PDF para docentes"},{"@type":"BreadcrumbList","@id":"https:\/\/betzaidaclassroom.com\/tienda\/product\/el-gran-dia-de-la-tierra-libro-para-colorear\/#breadcrumb","itemListElement":[{"@type":"ListItem","position":1,"name":"Inicio","item":"https:\/\/betzaidaclassroom.com\/tienda\/"},{"@type":"ListItem","position":2,"name":"Home","item":"https:\/\/betzaidaclassroom.com\/tienda\/home-online-course-v1\/"},{"@type":"ListItem","position":3,"name":"El Gran D\u00eda de la Tierra \u2013 Libro para Colorear"}]},{"@type":"WebSite","@id":"https:\/\/betzaidaclassroom.com\/tienda\/#website","url":"https:\/\/betzaidaclassroom.com\/tienda\/","name":"Recursos Escolares","description":"","publisher":{"@id":"https:\/\/betzaidaclassroom.com\/tienda\/#\/schema\/person\/e9596a98f845c4ab559533259d63f712"},"potentialAction":[{"@type":"SearchAction","target":{"@type":"EntryPoint","urlTemplate":"https:\/\/betzaidaclassroom.com\/tienda\/?s={search_term_string}"},"query-input":{"@type":"PropertyValueSpecification","valueRequired":true,"valueName":"search_term_string"}}],"inLanguage":"es"},{"@type":["Person","Organization"],"@id":"https:\/\/betzaidaclassroom.com\/tienda\/#\/schema\/person\/e9596a98f845c4ab559533259d63f712","name":"Betzaida","image":{"@type":"ImageObject","inLanguage":"es","@id":"https:\/\/betzaidaclassroom.com\/tienda\/#\/schema\/person\/image\/","url":"https:\/\/betzaidaclassroom.com\/tienda\/wp-content\/uploads\/2024\/12\/Betzaidaclassroom-logo-png.png","contentUrl":"https:\/\/betzaidaclassroom.com\/tienda\/wp-content\/uploads\/2024\/12\/Betzaidaclassroom-logo-png.png","width":208,"height":150,"caption":"Betzaida"},"logo":{"@id":"https:\/\/betzaidaclassroom.com\/tienda\/#\/schema\/person\/image\/"},"sameAs":["https:\/\/betzaidaclassroom.com\/tienda"]}]}},"_links":{"self":[{"href":"https:\/\/betzaidaclassroom.com\/tienda\/wp-json\/wp\/v2\/product\/1713","targetHints":{"allow":["GET"]}}],"collection":[{"href":"https:\/\/betzaidaclassroom.com\/tienda\/wp-json\/wp\/v2\/product"}],"about":[{"href":"https:\/\/betzaidaclassroom.com\/tienda\/wp-json\/wp\/v2\/types\/product"}],"replies":[{"embeddable":true,"href":"https:\/\/betzaidaclassroom.com\/tienda\/wp-json\/wp\/v2\/comments?post=1713"}],"version-history":[{"count":1,"href":"https:\/\/betzaidaclassroom.com\/tienda\/wp-json\/wp\/v2\/product\/1713\/revisions"}],"predecessor-version":[{"id":1718,"href":"https:\/\/betzaidaclassroom.com\/tienda\/wp-json\/wp\/v2\/product\/1713\/revisions\/1718"}],"wp:featuredmedia":[{"embeddable":true,"href":"https:\/\/betzaidaclassroom.com\/tienda\/wp-json\/wp\/v2\/media\/1714"}],"wp:attachment":[{"href":"https:\/\/betzaidaclassroom.com\/tienda\/wp-json\/wp\/v2\/media?parent=1713"}],"wp:term":[{"taxonomy":"product_brand","embeddable":true,"href":"https:\/\/betzaidaclassroom.com\/tienda\/wp-json\/wp\/v2\/product_brand?post=1713"},{"taxonomy":"product_cat","embeddable":true,"href":"https:\/\/betzaidaclassroom.com\/tienda\/wp-json\/wp\/v2\/product_cat?post=1713"},{"taxonomy":"product_tag","embeddable":true,"href":"https:\/\/betzaidaclassroom.com\/tienda\/wp-json\/wp\/v2\/product_tag?post=1713"}],"curies":[{"name":"wp","href":"https:\/\/api.w.org\/{rel}","templated":true}]}}