{"id":1631,"date":"2025-03-17T12:11:55","date_gmt":"2025-03-17T12:11:55","guid":{"rendered":"https:\/\/betzaidaclassroom.com\/tienda\/?post_type=product&#038;p=1631"},"modified":"2025-04-02T11:08:06","modified_gmt":"2025-04-02T11:08:06","slug":"lapbook-educativo-dia-mundial-del-agua","status":"publish","type":"product","link":"https:\/\/betzaidaclassroom.com\/tienda\/product\/lapbook-educativo-dia-mundial-del-agua\/","title":{"rendered":"Lapbook Educativo &#8211; D\u00eda Mundial del Agua"},"content":{"rendered":"<h3 data-start=\"907\" data-end=\"949\"><strong data-start=\"911\" data-end=\"947\">\u00bfQu\u00e9 Aprender\u00e1n los Estudiantes?<\/strong><\/h3>\n<p data-start=\"951\" data-end=\"1298\">\u2714 <strong data-start=\"953\" data-end=\"974\">El ciclo del agua<\/strong> de manera visual y pr\u00e1ctica.<br data-start=\"1003\" data-end=\"1006\" \/>\u2714 <strong data-start=\"1008\" data-end=\"1040\">Los estados f\u00edsicos del agua<\/strong> (s\u00f3lido, l\u00edquido y gaseoso) con tarjetas interactivas.<br data-start=\"1095\" data-end=\"1098\" \/>\u2714 <strong data-start=\"1100\" data-end=\"1123\">C\u00f3mo cuidar el agua<\/strong> y su importancia para la vida.<br data-start=\"1154\" data-end=\"1157\" \/>\u2714 <strong data-start=\"1159\" data-end=\"1194\">Habilidades motoras y creativas<\/strong> a trav\u00e9s del recorte, pegado y coloreo.<br data-start=\"1234\" data-end=\"1237\" \/>\u2714 <strong data-start=\"1239\" data-end=\"1260\">Trabajo en equipo<\/strong> si se realiza en grupos en el aula.<\/p>\n<hr data-start=\"1300\" data-end=\"1303\" \/>\n<h3 data-start=\"1305\" data-end=\"1336\"><strong data-start=\"1309\" data-end=\"1334\">Contenido del Lapbook<\/strong><\/h3>\n<p data-start=\"1338\" data-end=\"1930\">\u2705 <strong data-start=\"1340\" data-end=\"1370\">Secci\u00f3n del Ciclo del Agua<\/strong> \u2013 Actividad de recorte y pegado para representar el proceso de evaporaci\u00f3n, condensaci\u00f3n, precipitaci\u00f3n y acumulaci\u00f3n.<br data-start=\"1489\" data-end=\"1492\" \/>\u2705 <strong data-start=\"1494\" data-end=\"1522\">Estados F\u00edsicos del Agua<\/strong> \u2013 Tarjetas ilustradas para que los ni\u00f1os aprendan sobre el agua en estado s\u00f3lido, l\u00edquido y gaseoso.<br data-start=\"1623\" data-end=\"1626\" \/>\u2705 <strong data-start=\"1628\" data-end=\"1651\">C\u00f3mo Cuidar el Agua<\/strong> \u2013 Actividad para reflexionar sobre el uso responsable del agua.<br data-start=\"1715\" data-end=\"1718\" \/>\u2705 <strong data-start=\"1720\" data-end=\"1749\">Secci\u00f3n para Personalizar<\/strong> \u2013 Espacio para que los ni\u00f1os escriban su nombre y grado, haciendo el lapbook \u00fanico.<br data-start=\"1833\" data-end=\"1836\" \/>\u2705 <strong data-start=\"1838\" data-end=\"1869\">Ilustraciones para Colorear<\/strong> \u2013 Permite reforzar el aprendizaje de una manera divertida.<\/p>\n<hr data-start=\"1932\" data-end=\"1935\" \/>\n<h3 data-start=\"1937\" data-end=\"1994\"><strong data-start=\"1941\" data-end=\"1992\">\u00bfPor Qu\u00e9 Este Lapbook Es Perfecto Para Tu Aula?<\/strong><\/h3>\n<p data-start=\"1996\" data-end=\"2518\">\ud83d\udccc <strong data-start=\"1999\" data-end=\"2023\">F\u00e1cil de Implementar<\/strong>: No necesitas materiales extra, solo tijeras, pegamento y colores.<br data-start=\"2090\" data-end=\"2093\" \/>\ud83d\udccc <strong data-start=\"2096\" data-end=\"2124\">Motiva a los Estudiantes<\/strong>: Aprenden jugando mientras interact\u00faan con el contenido.<br data-start=\"2181\" data-end=\"2184\" \/>\ud83d\udccc <strong data-start=\"2187\" data-end=\"2222\">Promueve la Educaci\u00f3n Ambiental<\/strong>: Refuerza la importancia de cuidar el agua de manera sencilla y efectiva.<br data-start=\"2296\" data-end=\"2299\" \/>\ud83d\udccc <strong data-start=\"2302\" data-end=\"2340\">Ideal para el D\u00eda Mundial del Agua<\/strong>: Un recurso did\u00e1ctico perfecto para el 22 de marzo.<br data-start=\"2392\" data-end=\"2395\" \/>\ud83d\udccc <strong data-start=\"2398\" data-end=\"2432\">Adaptable a Diferentes Niveles<\/strong>: Puede usarse en diferentes grados con ajustes en la profundidad de la informaci\u00f3n.<\/p>\n<hr data-start=\"2520\" data-end=\"2523\" \/>\n<h3 data-start=\"2525\" data-end=\"2561\"><strong data-start=\"2529\" data-end=\"2559\">Preguntas Frecuentes (FAQ)<\/strong><\/h3>\n<p data-start=\"2563\" data-end=\"2748\">\ud83d\udd39 <strong data-start=\"2566\" data-end=\"2612\">\u00bfPara qu\u00e9 edades es adecuado este lapbook?<\/strong><br data-start=\"2612\" data-end=\"2615\" \/>Est\u00e1 dise\u00f1ado para estudiantes de primaria, pero puede adaptarse a otros niveles seg\u00fan la complejidad con la que se aborde el tema.<\/p>\n<p data-start=\"2750\" data-end=\"2887\">\ud83d\udd39 <strong data-start=\"2753\" data-end=\"2798\">\u00bfQu\u00e9 materiales necesito para realizarlo?<\/strong><br data-start=\"2798\" data-end=\"2801\" \/>Solo tijeras, pegamento y colores. Todo lo dem\u00e1s est\u00e1 incluido en el lapbook en PDF.<\/p>\n<p data-start=\"2889\" data-end=\"3026\">\ud83d\udd39 <strong data-start=\"2892\" data-end=\"2923\">\u00bfC\u00f3mo recibir\u00e9 el material?<\/strong><br data-start=\"2923\" data-end=\"2926\" \/>Una vez realizada la compra, recibir\u00e1s el archivo en formato PDF, listo para descargar e imprimir.<\/p>\n<p data-start=\"3028\" data-end=\"3149\">\ud83d\udd39 <strong data-start=\"3031\" data-end=\"3053\">\u00bfC\u00f3mo puedo pagar?<\/strong><br data-start=\"3053\" data-end=\"3056\" \/>El pago se realiza de manera segura a trav\u00e9s de Hotmart, permitiendo pagar en moneda local.<\/p>\n<p data-start=\"3151\" data-end=\"3318\">\ud83d\udd39 <strong data-start=\"3154\" data-end=\"3209\">\u00bfEs un recurso individual o se puede usar en grupo?<\/strong><br data-start=\"3209\" data-end=\"3212\" \/>Se puede trabajar de manera individual o en grupo, siendo ideal para proyectos colaborativos en el aula.<\/p>\n<p data-start=\"3320\" data-end=\"3501\">\ud83d\udd39 <strong data-start=\"3323\" data-end=\"3358\">\u00bfQu\u00e9 hace \u00fanico a este lapbook?<\/strong><br data-start=\"3358\" data-end=\"3361\" \/>Su enfoque <strong data-start=\"3372\" data-end=\"3404\">pr\u00e1ctico, visual y did\u00e1ctico<\/strong>, que permite a los ni\u00f1os <strong data-start=\"3430\" data-end=\"3469\">aprender manipulando y construyendo<\/strong> su propio material educativo.<\/p>\n","protected":false},"excerpt":{"rendered":"<h4 data-start=\"71\" data-end=\"106\"><strong data-start=\"76\" data-end=\"104\">Descripci\u00f3n del Producto<\/strong><\/h4>\n<p data-start=\"107\" data-end=\"383\">\u00bfQuieres ense\u00f1ar a tus estudiantes sobre el <strong data-start=\"151\" data-end=\"175\">D\u00eda Mundial del Agua<\/strong> de una manera original y divertida? Con el <strong data-start=\"219\" data-end=\"263\">Lapbook Educativo &#8211; D\u00eda Mundial del Agua<\/strong>, los ni\u00f1os podr\u00e1n aprender sobre la importancia del agua mientras recortan, arman y colorean un material interactivo.<\/p>\n<p data-start=\"385\" data-end=\"723\">Este <strong data-start=\"390\" data-end=\"419\">lapbook de solo 6 p\u00e1ginas<\/strong> est\u00e1 dise\u00f1ado para educadores que buscan una actividad did\u00e1ctica y creativa para conmemorar el 22 de marzo. A trav\u00e9s de recortes, pegado y coloreo, los ni\u00f1os comprender\u00e1n el <strong data-start=\"594\" data-end=\"657\">ciclo del agua, sus estados f\u00edsicos y c\u00f3mo podemos cuidarla<\/strong>, reforzando as\u00ed valores de conservaci\u00f3n y conciencia ambiental.<\/p>\n<p data-start=\"725\" data-end=\"900\"><strong data-start=\"725\" data-end=\"737\">Formato:<\/strong> PDF descargable<br data-start=\"753\" data-end=\"756\" \/><strong data-start=\"756\" data-end=\"767\">Precio:<\/strong> $5 USD<br data-start=\"774\" data-end=\"777\" \/><strong data-start=\"777\" data-end=\"813\">Plataforma de Compra y Descarga:<\/strong> Hotmart (pago en moneda local)<br data-start=\"844\" data-end=\"847\" \/><strong data-start=\"847\" data-end=\"871\">Contacto para Dudas:<\/strong> <a rel=\"noopener\" data-start=\"872\" data-end=\"898\">info@betzaidaclassroom.com<\/a><\/p>\n<h3 data-start=\"3508\" data-end=\"3543\"><strong data-start=\"3512\" data-end=\"3541\">Especificaciones T\u00e9cnicas<\/strong><\/h3>\n<p data-start=\"3545\" data-end=\"3706\">\ud83d\udccc <strong data-start=\"3548\" data-end=\"3560\">Formato:<\/strong> PDF descargable.<br data-start=\"3577\" data-end=\"3580\" \/>\ud83d\udccc <strong data-start=\"3583\" data-end=\"3599\">Dimensiones:<\/strong> Tama\u00f1o A4 (ideal para imprimir).<br data-start=\"3632\" data-end=\"3635\" \/>\ud83d\udccc <strong data-start=\"3638\" data-end=\"3649\">Idioma:<\/strong> Espa\u00f1ol.<br data-start=\"3658\" data-end=\"3661\" \/>\ud83d\udccc <strong data-start=\"3664\" data-end=\"3677\">Licencia:<\/strong> Uso individual en el aula.<\/p>\n","protected":false},"featured_media":1634,"comment_status":"open","ping_status":"closed","template":"","meta":[],"product_brand":[],"product_cat":[42],"product_tag":[],"class_list":{"0":"post-1631","1":"product","2":"type-product","3":"status-publish","4":"has-post-thumbnail","6":"product_cat-lapbook","8":"first","9":"instock","10":"shipping-taxable","11":"product-type-external"},"yoast_head":"<!-- This site is optimized with the Yoast SEO plugin v26.9 - https:\/\/yoast.com\/product\/yoast-seo-wordpress\/ -->\n<title>Lapbook Educativo - D\u00eda Mundial del Agua - Recursos Escolares<\/title>\n<meta name=\"description\" content=\"Aprende sobre el ciclo del agua con este lapbook interactivo. Recorta, arma y colorea mientras descubres c\u00f3mo cuidar este recurso vital. \u00a1Desc\u00e1rgalo ya!\" \/>\n<meta name=\"robots\" content=\"index, follow, max-snippet:-1, max-image-preview:large, max-video-preview:-1\" \/>\n<link rel=\"canonical\" href=\"https:\/\/betzaidaclassroom.com\/tienda\/product\/lapbook-educativo-dia-mundial-del-agua\/\" \/>\n<meta property=\"og:locale\" content=\"es_MX\" \/>\n<meta property=\"og:type\" content=\"article\" \/>\n<meta property=\"og:title\" content=\"Lapbook Educativo - D\u00eda Mundial del Agua - Recursos Escolares\" \/>\n<meta property=\"og:description\" content=\"Aprende sobre el ciclo del agua con este lapbook interactivo. Recorta, arma y colorea mientras descubres c\u00f3mo cuidar este recurso vital. \u00a1Desc\u00e1rgalo ya!\" \/>\n<meta property=\"og:url\" content=\"https:\/\/betzaidaclassroom.com\/tienda\/product\/lapbook-educativo-dia-mundial-del-agua\/\" \/>\n<meta property=\"og:site_name\" content=\"Recursos Escolares\" \/>\n<meta property=\"article:modified_time\" content=\"2025-04-02T11:08:06+00:00\" \/>\n<meta property=\"og:image\" content=\"https:\/\/betzaidaclassroom.com\/tienda\/wp-content\/uploads\/2025\/03\/Portada-dia-del-agua.png\" \/>\n\t<meta property=\"og:image:width\" content=\"597\" \/>\n\t<meta property=\"og:image:height\" content=\"842\" \/>\n\t<meta property=\"og:image:type\" content=\"image\/png\" \/>\n<meta name=\"twitter:card\" content=\"summary_large_image\" \/>\n<meta name=\"twitter:label1\" content=\"Tiempo de lectura\" \/>\n\t<meta name=\"twitter:data1\" content=\"2 minutos\" \/>\n<script type=\"application\/ld+json\" class=\"yoast-schema-graph\">{\"@context\":\"https:\/\/schema.org\",\"@graph\":[{\"@type\":\"WebPage\",\"@id\":\"https:\/\/betzaidaclassroom.com\/tienda\/product\/lapbook-educativo-dia-mundial-del-agua\/\",\"url\":\"https:\/\/betzaidaclassroom.com\/tienda\/product\/lapbook-educativo-dia-mundial-del-agua\/\",\"name\":\"Lapbook Educativo - D\u00eda Mundial del Agua - Recursos Escolares\",\"isPartOf\":{\"@id\":\"https:\/\/betzaidaclassroom.com\/tienda\/#website\"},\"primaryImageOfPage\":{\"@id\":\"https:\/\/betzaidaclassroom.com\/tienda\/product\/lapbook-educativo-dia-mundial-del-agua\/#primaryimage\"},\"image\":{\"@id\":\"https:\/\/betzaidaclassroom.com\/tienda\/product\/lapbook-educativo-dia-mundial-del-agua\/#primaryimage\"},\"thumbnailUrl\":\"https:\/\/betzaidaclassroom.com\/tienda\/wp-content\/uploads\/2025\/03\/Portada-dia-del-agua.png\",\"datePublished\":\"2025-03-17T12:11:55+00:00\",\"dateModified\":\"2025-04-02T11:08:06+00:00\",\"description\":\"Aprende sobre el ciclo del agua con este lapbook interactivo. Recorta, arma y colorea mientras descubres c\u00f3mo cuidar este recurso vital. \u00a1Desc\u00e1rgalo ya!\",\"breadcrumb\":{\"@id\":\"https:\/\/betzaidaclassroom.com\/tienda\/product\/lapbook-educativo-dia-mundial-del-agua\/#breadcrumb\"},\"inLanguage\":\"es\",\"potentialAction\":[{\"@type\":\"ReadAction\",\"target\":[\"https:\/\/betzaidaclassroom.com\/tienda\/product\/lapbook-educativo-dia-mundial-del-agua\/\"]}]},{\"@type\":\"ImageObject\",\"inLanguage\":\"es\",\"@id\":\"https:\/\/betzaidaclassroom.com\/tienda\/product\/lapbook-educativo-dia-mundial-del-agua\/#primaryimage\",\"url\":\"https:\/\/betzaidaclassroom.com\/tienda\/wp-content\/uploads\/2025\/03\/Portada-dia-del-agua.png\",\"contentUrl\":\"https:\/\/betzaidaclassroom.com\/tienda\/wp-content\/uploads\/2025\/03\/Portada-dia-del-agua.png\",\"width\":597,\"height\":842,\"caption\":\"Lapbook Educativo - D\u00eda Mundial del Agua\"},{\"@type\":\"BreadcrumbList\",\"@id\":\"https:\/\/betzaidaclassroom.com\/tienda\/product\/lapbook-educativo-dia-mundial-del-agua\/#breadcrumb\",\"itemListElement\":[{\"@type\":\"ListItem\",\"position\":1,\"name\":\"Inicio\",\"item\":\"https:\/\/betzaidaclassroom.com\/tienda\/\"},{\"@type\":\"ListItem\",\"position\":2,\"name\":\"Home\",\"item\":\"https:\/\/betzaidaclassroom.com\/tienda\/home-online-course-v1\/\"},{\"@type\":\"ListItem\",\"position\":3,\"name\":\"Lapbook Educativo &#8211; D\u00eda Mundial del Agua\"}]},{\"@type\":\"WebSite\",\"@id\":\"https:\/\/betzaidaclassroom.com\/tienda\/#website\",\"url\":\"https:\/\/betzaidaclassroom.com\/tienda\/\",\"name\":\"Recursos Escolares\",\"description\":\"\",\"publisher\":{\"@id\":\"https:\/\/betzaidaclassroom.com\/tienda\/#\/schema\/person\/e9596a98f845c4ab559533259d63f712\"},\"potentialAction\":[{\"@type\":\"SearchAction\",\"target\":{\"@type\":\"EntryPoint\",\"urlTemplate\":\"https:\/\/betzaidaclassroom.com\/tienda\/?s={search_term_string}\"},\"query-input\":{\"@type\":\"PropertyValueSpecification\",\"valueRequired\":true,\"valueName\":\"search_term_string\"}}],\"inLanguage\":\"es\"},{\"@type\":[\"Person\",\"Organization\"],\"@id\":\"https:\/\/betzaidaclassroom.com\/tienda\/#\/schema\/person\/e9596a98f845c4ab559533259d63f712\",\"name\":\"Betzaida\",\"image\":{\"@type\":\"ImageObject\",\"inLanguage\":\"es\",\"@id\":\"https:\/\/betzaidaclassroom.com\/tienda\/#\/schema\/person\/image\/\",\"url\":\"https:\/\/betzaidaclassroom.com\/tienda\/wp-content\/uploads\/2024\/12\/Betzaidaclassroom-logo-png.png\",\"contentUrl\":\"https:\/\/betzaidaclassroom.com\/tienda\/wp-content\/uploads\/2024\/12\/Betzaidaclassroom-logo-png.png\",\"width\":208,\"height\":150,\"caption\":\"Betzaida\"},\"logo\":{\"@id\":\"https:\/\/betzaidaclassroom.com\/tienda\/#\/schema\/person\/image\/\"},\"sameAs\":[\"https:\/\/betzaidaclassroom.com\/tienda\"]}]}<\/script>\n<!-- \/ Yoast SEO plugin. -->","yoast_head_json":{"title":"Lapbook Educativo - D\u00eda Mundial del Agua - Recursos Escolares","description":"Aprende sobre el ciclo del agua con este lapbook interactivo. Recorta, arma y colorea mientras descubres c\u00f3mo cuidar este recurso vital. \u00a1Desc\u00e1rgalo ya!","robots":{"index":"index","follow":"follow","max-snippet":"max-snippet:-1","max-image-preview":"max-image-preview:large","max-video-preview":"max-video-preview:-1"},"canonical":"https:\/\/betzaidaclassroom.com\/tienda\/product\/lapbook-educativo-dia-mundial-del-agua\/","og_locale":"es_MX","og_type":"article","og_title":"Lapbook Educativo - D\u00eda Mundial del Agua - Recursos Escolares","og_description":"Aprende sobre el ciclo del agua con este lapbook interactivo. Recorta, arma y colorea mientras descubres c\u00f3mo cuidar este recurso vital. \u00a1Desc\u00e1rgalo ya!","og_url":"https:\/\/betzaidaclassroom.com\/tienda\/product\/lapbook-educativo-dia-mundial-del-agua\/","og_site_name":"Recursos Escolares","article_modified_time":"2025-04-02T11:08:06+00:00","og_image":[{"width":597,"height":842,"url":"https:\/\/betzaidaclassroom.com\/tienda\/wp-content\/uploads\/2025\/03\/Portada-dia-del-agua.png","type":"image\/png"}],"twitter_card":"summary_large_image","twitter_misc":{"Tiempo de lectura":"2 minutos"},"schema":{"@context":"https:\/\/schema.org","@graph":[{"@type":"WebPage","@id":"https:\/\/betzaidaclassroom.com\/tienda\/product\/lapbook-educativo-dia-mundial-del-agua\/","url":"https:\/\/betzaidaclassroom.com\/tienda\/product\/lapbook-educativo-dia-mundial-del-agua\/","name":"Lapbook Educativo - D\u00eda Mundial del Agua - Recursos Escolares","isPartOf":{"@id":"https:\/\/betzaidaclassroom.com\/tienda\/#website"},"primaryImageOfPage":{"@id":"https:\/\/betzaidaclassroom.com\/tienda\/product\/lapbook-educativo-dia-mundial-del-agua\/#primaryimage"},"image":{"@id":"https:\/\/betzaidaclassroom.com\/tienda\/product\/lapbook-educativo-dia-mundial-del-agua\/#primaryimage"},"thumbnailUrl":"https:\/\/betzaidaclassroom.com\/tienda\/wp-content\/uploads\/2025\/03\/Portada-dia-del-agua.png","datePublished":"2025-03-17T12:11:55+00:00","dateModified":"2025-04-02T11:08:06+00:00","description":"Aprende sobre el ciclo del agua con este lapbook interactivo. Recorta, arma y colorea mientras descubres c\u00f3mo cuidar este recurso vital. \u00a1Desc\u00e1rgalo ya!","breadcrumb":{"@id":"https:\/\/betzaidaclassroom.com\/tienda\/product\/lapbook-educativo-dia-mundial-del-agua\/#breadcrumb"},"inLanguage":"es","potentialAction":[{"@type":"ReadAction","target":["https:\/\/betzaidaclassroom.com\/tienda\/product\/lapbook-educativo-dia-mundial-del-agua\/"]}]},{"@type":"ImageObject","inLanguage":"es","@id":"https:\/\/betzaidaclassroom.com\/tienda\/product\/lapbook-educativo-dia-mundial-del-agua\/#primaryimage","url":"https:\/\/betzaidaclassroom.com\/tienda\/wp-content\/uploads\/2025\/03\/Portada-dia-del-agua.png","contentUrl":"https:\/\/betzaidaclassroom.com\/tienda\/wp-content\/uploads\/2025\/03\/Portada-dia-del-agua.png","width":597,"height":842,"caption":"Lapbook Educativo - D\u00eda Mundial del Agua"},{"@type":"BreadcrumbList","@id":"https:\/\/betzaidaclassroom.com\/tienda\/product\/lapbook-educativo-dia-mundial-del-agua\/#breadcrumb","itemListElement":[{"@type":"ListItem","position":1,"name":"Inicio","item":"https:\/\/betzaidaclassroom.com\/tienda\/"},{"@type":"ListItem","position":2,"name":"Home","item":"https:\/\/betzaidaclassroom.com\/tienda\/home-online-course-v1\/"},{"@type":"ListItem","position":3,"name":"Lapbook Educativo &#8211; D\u00eda Mundial del Agua"}]},{"@type":"WebSite","@id":"https:\/\/betzaidaclassroom.com\/tienda\/#website","url":"https:\/\/betzaidaclassroom.com\/tienda\/","name":"Recursos Escolares","description":"","publisher":{"@id":"https:\/\/betzaidaclassroom.com\/tienda\/#\/schema\/person\/e9596a98f845c4ab559533259d63f712"},"potentialAction":[{"@type":"SearchAction","target":{"@type":"EntryPoint","urlTemplate":"https:\/\/betzaidaclassroom.com\/tienda\/?s={search_term_string}"},"query-input":{"@type":"PropertyValueSpecification","valueRequired":true,"valueName":"search_term_string"}}],"inLanguage":"es"},{"@type":["Person","Organization"],"@id":"https:\/\/betzaidaclassroom.com\/tienda\/#\/schema\/person\/e9596a98f845c4ab559533259d63f712","name":"Betzaida","image":{"@type":"ImageObject","inLanguage":"es","@id":"https:\/\/betzaidaclassroom.com\/tienda\/#\/schema\/person\/image\/","url":"https:\/\/betzaidaclassroom.com\/tienda\/wp-content\/uploads\/2024\/12\/Betzaidaclassroom-logo-png.png","contentUrl":"https:\/\/betzaidaclassroom.com\/tienda\/wp-content\/uploads\/2024\/12\/Betzaidaclassroom-logo-png.png","width":208,"height":150,"caption":"Betzaida"},"logo":{"@id":"https:\/\/betzaidaclassroom.com\/tienda\/#\/schema\/person\/image\/"},"sameAs":["https:\/\/betzaidaclassroom.com\/tienda"]}]}},"_links":{"self":[{"href":"https:\/\/betzaidaclassroom.com\/tienda\/wp-json\/wp\/v2\/product\/1631","targetHints":{"allow":["GET"]}}],"collection":[{"href":"https:\/\/betzaidaclassroom.com\/tienda\/wp-json\/wp\/v2\/product"}],"about":[{"href":"https:\/\/betzaidaclassroom.com\/tienda\/wp-json\/wp\/v2\/types\/product"}],"replies":[{"embeddable":true,"href":"https:\/\/betzaidaclassroom.com\/tienda\/wp-json\/wp\/v2\/comments?post=1631"}],"version-history":[{"count":1,"href":"https:\/\/betzaidaclassroom.com\/tienda\/wp-json\/wp\/v2\/product\/1631\/revisions"}],"predecessor-version":[{"id":1633,"href":"https:\/\/betzaidaclassroom.com\/tienda\/wp-json\/wp\/v2\/product\/1631\/revisions\/1633"}],"wp:featuredmedia":[{"embeddable":true,"href":"https:\/\/betzaidaclassroom.com\/tienda\/wp-json\/wp\/v2\/media\/1634"}],"wp:attachment":[{"href":"https:\/\/betzaidaclassroom.com\/tienda\/wp-json\/wp\/v2\/media?parent=1631"}],"wp:term":[{"taxonomy":"product_brand","embeddable":true,"href":"https:\/\/betzaidaclassroom.com\/tienda\/wp-json\/wp\/v2\/product_brand?post=1631"},{"taxonomy":"product_cat","embeddable":true,"href":"https:\/\/betzaidaclassroom.com\/tienda\/wp-json\/wp\/v2\/product_cat?post=1631"},{"taxonomy":"product_tag","embeddable":true,"href":"https:\/\/betzaidaclassroom.com\/tienda\/wp-json\/wp\/v2\/product_tag?post=1631"}],"curies":[{"name":"wp","href":"https:\/\/api.w.org\/{rel}","templated":true}]}}